{"id":1169,"date":"2026-02-02T10:48:31","date_gmt":"2026-02-02T14:48:31","guid":{"rendered":"https:\/\/maconneriemtlplus.ca\/?page_id=1169"},"modified":"2026-02-02T10:52:11","modified_gmt":"2026-02-02T14:52:11","slug":"politique-de-confidentialite","status":"publish","type":"page","link":"https:\/\/maconneriemtlplus.ca\/en\/politique-de-confidentialite\/","title":{"rendered":"Privacy policy"},"content":{"rendered":"<div data-elementor-type=\"wp-page\" data-elementor-id=\"1169\" class=\"elementor elementor-1169\">\n\t\t\t\t<div class=\"elementor-element elementor-element-a99e22d e-flex e-con-boxed magic-button-disabled-no wpr-particle-no wpr-jarallax-no wpr-parallax-no wpr-sticky-section-no wpr-equal-height-no e-con e-parent\" data-id=\"a99e22d\" data-element_type=\"container\" data-e-type=\"container\">\n\t\t\t\t\t<div class=\"e-con-inner\">\n\t\t\t\t<div class=\"elementor-element elementor-element-77ed136 elementor-widget elementor-widget-heading\" data-id=\"77ed136\" data-element_type=\"widget\" data-e-type=\"widget\" data-widget_type=\"heading.default\">\n\t\t\t\t\t<h2 class=\"elementor-heading-title elementor-size-default\">Privacy policy<\/h2>\t\t\t\t<\/div>\n\t\t\t\t\t<\/div>\n\t\t\t\t<\/div>\n\t\t<div class=\"elementor-element elementor-element-213b612 e-flex e-con-boxed magic-button-disabled-no wpr-particle-no wpr-jarallax-no wpr-parallax-no wpr-sticky-section-no wpr-equal-height-no e-con e-parent\" data-id=\"213b612\" data-element_type=\"container\" data-e-type=\"container\">\n\t\t\t\t\t<div class=\"e-con-inner\">\n\t\t<div class=\"elementor-element elementor-element-768b3a1 e-con-full e-flex magic-button-disabled-no wpr-particle-no wpr-jarallax-no wpr-parallax-no wpr-sticky-section-no wpr-equal-height-no e-con e-child\" data-id=\"768b3a1\" data-element_type=\"container\" data-e-type=\"container\" data-settings=\"{&quot;background_background&quot;:&quot;classic&quot;}\">\n\t\t\t\t<div class=\"elementor-element elementor-element-08baba2 elementor-widget elementor-widget-text-editor\" data-id=\"08baba2\" data-element_type=\"widget\" data-e-type=\"widget\" data-widget_type=\"text-editor.default\">\n\t\t\t\t\t\t\t\t\t<p>At Ma\u00e7onnerie Montr\u00e9al Plus, protecting your personal information is a priority. The purpose of this privacy policy is to explain how we collect, use, store and protect your information, in accordance with the applicable laws of Quebec and Canada.<\/p><p>\u00a0<\/p><p><strong>1. Personal information collected <\/strong><\/p><p>We collect only the information necessary to provide our services, including : <br \/>First and last name <br \/>Phone number <br \/>Email address <br \/>Site or property address <br \/>Any information provided voluntarily via our contact form or when requesting a quote<\/p><p>\u00a0<\/p><p><strong>2. Use of information<\/strong><\/p><p>The personal information collected is used exclusively for : <br \/>Respond to requests for information or quotes <br \/>Communicate with customers about a project or service <br \/>Planning and executing work <br \/>Ensure customer care and quality service <br \/>Under no circumstances is your information sold, exchanged or shared with third parties for commercial purposes.<\/p><p>\u00a0<\/p><p><strong>3. Data retention and protection<\/strong><\/p><p>Personal information is kept secure and only for the length of time necessary to fulfill the purposes for which it was collected. We take reasonable steps to protect your information from unauthorized access, loss or disclosure.<\/p><p>\u00a0<\/p><p><strong>4. Sharing information<\/strong><\/p><p>Your information may be shared only when required: To comply with a legal obligation With partners directly involved in carrying out the work (if applicable), and only when necessary.<\/p><p>\u00a0<\/p><p><strong>5. Cookies <\/strong><\/p><p>Our website may use cookies to improve user experience and analyze site performance. These cookies do not identify you personally.<\/p><p>\u00a0<\/p><p><strong>6. User rights <\/strong><\/p><p>You have the right to : Access your personal information Request correction or deletion of your data Withdraw your consent at any time For any request, you can contact us using the details below.<\/p><p>\u00a0<\/p><p><strong>7. Privacy Officer <\/strong><\/p><p>If you have any questions about this privacy policy or your personal information, you can reach us at : Ma\u00e7onnerie Montr\u00e9al Plus - Email : <a href=\"mailto:maconnerie.mtlplus@outlook.com\">maconnerie.mtlplus@outlook.com<\/a> | Telephone: 514-914-4624<\/p><p>\u00a0<\/p><p><strong>8. Policy changes <\/strong><\/p><p>This Privacy Policy may be modified at any time to comply with applicable laws. Any updates will be posted on this page.<\/p>\t\t\t\t\t\t\t\t<\/div>\n\t\t\t\t<\/div>\n\t\t\t\t\t<\/div>\n\t\t\t\t<\/div>\n\t\t\t\t<\/div>","protected":false},"excerpt":{"rendered":"<p>Politique de confidentialit\u00e9 Chez Ma\u00e7onnerie Montr\u00e9al Plus, la protection de vos renseignements personnels est une priorit\u00e9. La pr\u00e9sente politique de confidentialit\u00e9 vise \u00e0 expliquer de quelle fa\u00e7on nous recueillons, utilisons, conservons et prot\u00e9geons vos informations, conform\u00e9ment aux lois applicables au Qu\u00e9bec et au Canada. \u00a0 1. Renseignements personnels recueillis Nous recueillons uniquement les renseignements n\u00e9cessaires \u00e0 la prestation de nos services, notamment : Nom et pr\u00e9nom Num\u00e9ro de t\u00e9l\u00e9phone Adresse courriel Adresse du chantier ou de la propri\u00e9t\u00e9 Toute information fournie volontairement via notre formulaire de contact ou lors d\u2019une demande de soumission \u00a0 2. Utilisation des renseignements Les renseignements personnels recueillis servent exclusivement \u00e0 : R\u00e9pondre aux demandes d\u2019information ou de soumission Communiquer avec les clients concernant un projet ou un service Planifier et ex\u00e9cuter les travaux Assurer un suivi client et un service de qualit\u00e9 En aucun cas, vos renseignements ne sont vendus, \u00e9chang\u00e9s ou partag\u00e9s \u00e0 des tiers \u00e0 des fins commerciales. \u00a0 3. Conservation et protection des donn\u00e9es Les renseignements personnels sont conserv\u00e9s de fa\u00e7on s\u00e9curitaire et uniquement pour la dur\u00e9e n\u00e9cessaire aux fins pour lesquelles ils ont \u00e9t\u00e9 recueillis. Nous mettons en place des mesures raisonnables pour prot\u00e9ger vos informations contre tout acc\u00e8s non autoris\u00e9, perte ou divulgation. \u00a0 4. Partage des renseignements Vos renseignements peuvent \u00eatre partag\u00e9s uniquement lorsque requis : Pour respecter une obligation l\u00e9gale Avec des partenaires directement impliqu\u00e9s dans la r\u00e9alisation des travaux (si applicable), et seulement lorsque n\u00e9cessaire. \u00a0 5. T\u00e9moins de navigation (cookies) Notre site Internet peut utiliser des t\u00e9moins de navigation (cookies) afin d\u2019am\u00e9liorer l\u2019exp\u00e9rience utilisateur et analyser la performance du site. Ces t\u00e9moins ne permettent pas de vous identifier personnellement. \u00a0 6. Droits des utilisateurs Vous avez le droit de : Acc\u00e9der \u00e0 vos renseignements personnels Demander la correction ou la suppression de vos donn\u00e9es Retirer votre consentement \u00e0 tout moment Pour toute demande, vous pouvez communiquer avec nous \u00e0 l\u2019aide des coordonn\u00e9es ci-dessous. \u00a0 7. Responsable de la protection des renseignements personnels Pour toute question concernant cette politique de confidentialit\u00e9 ou vos renseignements personnels, vous pouvez nous joindre \u00e0 : Ma\u00e7onnerie Montr\u00e9al Plus &#8211; Courriel : maconnerie.mtlplus@outlook.com | T\u00e9l\u00e9phone : 514-914-4624 \u00a0 8. Modifications de la politique Cette politique de confidentialit\u00e9 peut \u00eatre modifi\u00e9e en tout temps afin de demeurer conforme aux lois en vigueur. Toute mise \u00e0 jour sera affich\u00e9e sur cette page.<\/p>","protected":false},"author":1,"featured_media":0,"parent":0,"menu_order":0,"comment_status":"closed","ping_status":"closed","template":"elementor_canvas","meta":{"footnotes":""},"class_list":["post-1169","page","type-page","status-publish","hentry"],"_hostinger_reach_plugin_has_subscription_block":false,"_hostinger_reach_plugin_is_elementor":false,"acf":[],"_links":{"self":[{"href":"https:\/\/maconneriemtlplus.ca\/en\/wp-json\/wp\/v2\/pages\/1169","targetHints":{"allow":["GET"]}}],"collection":[{"href":"https:\/\/maconneriemtlplus.ca\/en\/wp-json\/wp\/v2\/pages"}],"about":[{"href":"https:\/\/maconneriemtlplus.ca\/en\/wp-json\/wp\/v2\/types\/page"}],"author":[{"embeddable":true,"href":"https:\/\/maconneriemtlplus.ca\/en\/wp-json\/wp\/v2\/users\/1"}],"replies":[{"embeddable":true,"href":"https:\/\/maconneriemtlplus.ca\/en\/wp-json\/wp\/v2\/comments?post=1169"}],"version-history":[{"count":7,"href":"https:\/\/maconneriemtlplus.ca\/en\/wp-json\/wp\/v2\/pages\/1169\/revisions"}],"predecessor-version":[{"id":1177,"href":"https:\/\/maconneriemtlplus.ca\/en\/wp-json\/wp\/v2\/pages\/1169\/revisions\/1177"}],"wp:attachment":[{"href":"https:\/\/maconneriemtlplus.ca\/en\/wp-json\/wp\/v2\/media?parent=1169"}],"curies":[{"name":"wp","href":"https:\/\/api.w.org\/{rel}","templated":true}]}}