{"id":1020,"date":"2026-01-26T16:45:37","date_gmt":"2026-01-26T20:45:37","guid":{"rendered":"https:\/\/maconneriemtlplus.ca\/?page_id=1020"},"modified":"2026-04-10T11:04:37","modified_gmt":"2026-04-10T15:04:37","slug":"contact","status":"publish","type":"page","link":"https:\/\/maconneriemtlplus.ca\/en\/contact\/","title":{"rendered":"Contact"},"content":{"rendered":"<div data-elementor-type=\"wp-page\" data-elementor-id=\"1020\" class=\"elementor elementor-1020\">\n\t\t\t\t<div class=\"elementor-element elementor-element-06e3025 e-con-full e-flex magic-button-disabled-no wpr-particle-no wpr-jarallax-no wpr-parallax-no wpr-sticky-section-no wpr-equal-height-no e-con e-parent\" data-id=\"06e3025\" data-element_type=\"container\" data-e-type=\"container\" data-settings=\"{&quot;background_background&quot;:&quot;classic&quot;}\">\n\t\t<div class=\"elementor-element elementor-element-e91aef5 e-con-full e-flex magic-button-disabled-no wpr-particle-no wpr-jarallax-no wpr-parallax-no wpr-sticky-section-no wpr-equal-height-no e-con e-child\" data-id=\"e91aef5\" data-element_type=\"container\" data-e-type=\"container\">\n\t\t\t\t<div class=\"elementor-element elementor-element-35b104a elementor-widget elementor-widget-heading\" data-id=\"35b104a\" data-element_type=\"widget\" data-e-type=\"widget\" data-widget_type=\"heading.default\">\n\t\t\t\t\t<h2 class=\"elementor-heading-title elementor-size-default\">MONTREAL, LAVAL, SOUTH-SHORE, LAURENTIANS &amp; LANAUDI\u00c8RE<\/h2>\t\t\t\t<\/div>\n\t\t\t\t<div class=\"elementor-element elementor-element-e8091f9 elementor-widget elementor-widget-heading\" data-id=\"e8091f9\" data-element_type=\"widget\" data-e-type=\"widget\" data-widget_type=\"heading.default\">\n\t\t\t\t\t<h2 class=\"elementor-heading-title elementor-size-default\">Get in touch<\/h2>\t\t\t\t<\/div>\n\t\t<div class=\"elementor-element elementor-element-ef0ab1b e-con-full e-flex magic-button-disabled-no wpr-particle-no wpr-jarallax-no wpr-parallax-no wpr-sticky-section-no wpr-equal-height-no e-con e-child\" data-id=\"ef0ab1b\" data-element_type=\"container\" data-e-type=\"container\">\n\t\t\t\t<div class=\"elementor-element elementor-element-4fd142c elementor-align-center elementor-widget elementor-widget-button\" data-id=\"4fd142c\" data-element_type=\"widget\" data-e-type=\"widget\" data-widget_type=\"button.default\">\n\t\t\t\t\t\t\t\t\t\t<a class=\"elementor-button elementor-button-link elementor-size-sm\" href=\"#formulaire\">\n\t\t\t\t\t\t<span class=\"elementor-button-content-wrapper\">\n\t\t\t\t\t\t\t\t\t<span class=\"elementor-button-text\">Form<\/span>\n\t\t\t\t\t<\/span>\n\t\t\t\t\t<\/a>\n\t\t\t\t\t\t\t\t<\/div>\n\t\t\t\t<div class=\"elementor-element elementor-element-48ee99f elementor-align-center elementor-widget elementor-widget-button\" data-id=\"48ee99f\" data-element_type=\"widget\" data-e-type=\"widget\" data-widget_type=\"button.default\">\n\t\t\t\t\t\t\t\t\t\t<a class=\"elementor-button elementor-button-link elementor-size-sm\" href=\"tel:5149144624\">\n\t\t\t\t\t\t<span class=\"elementor-button-content-wrapper\">\n\t\t\t\t\t\t\t\t\t<span class=\"elementor-button-text\">514-914-4624<\/span>\n\t\t\t\t\t<\/span>\n\t\t\t\t\t<\/a>\n\t\t\t\t\t\t\t\t<\/div>\n\t\t\t\t<\/div>\n\t\t\t\t<\/div>\n\t\t\t\t<\/div>\n\t\t<div class=\"elementor-element elementor-element-213b612 e-flex e-con-boxed magic-button-disabled-no wpr-particle-no wpr-jarallax-no wpr-parallax-no wpr-sticky-section-no wpr-equal-height-no e-con e-parent\" data-id=\"213b612\" data-element_type=\"container\" data-e-type=\"container\">\n\t\t\t\t\t<div class=\"e-con-inner\">\n\t\t<div class=\"elementor-element elementor-element-768b3a1 e-con-full e-flex magic-button-disabled-no wpr-particle-no wpr-jarallax-no wpr-parallax-no wpr-sticky-section-no wpr-equal-height-no e-con e-child\" data-id=\"768b3a1\" data-element_type=\"container\" data-e-type=\"container\" data-settings=\"{&quot;background_background&quot;:&quot;classic&quot;}\">\n\t\t\t\t<div class=\"elementor-element elementor-element-c6d39e9 e-n-tabs-mobile elementor-widget elementor-widget-n-tabs\" data-id=\"c6d39e9\" data-element_type=\"widget\" data-e-type=\"widget\" data-widget_type=\"nested-tabs.default\">\n\t\t\t\t\t\t\t<div class=\"e-n-tabs\" data-widget-number=\"208484841\" aria-label=\"Tabs. Open items with Enter or Space, close with Escape and navigate using the Arrow keys.\" data-no-translation-aria-label=\"\">\n\t\t\t<div class=\"e-n-tabs-heading\" role=\"tablist\">\n\t\t\t\t\t<button id=\"e-n-tab-title-2084848411\" data-tab-title-id=\"e-n-tab-title-2084848411\" class=\"e-n-tab-title\" aria-selected=\"true\" data-tab-index=\"1\" role=\"tab\" tabindex=\"0\" aria-controls=\"e-n-tab-content-2084848411\" style=\"--n-tabs-title-order: 1;\">\n\t\t\t\t\t\t<span class=\"e-n-tab-title-text\">\n\t\t\t\tFirst call\t\t\t<\/span>\n\t\t<\/button>\n\t\t\t\t<button id=\"e-n-tab-title-2084848412\" data-tab-title-id=\"e-n-tab-title-2084848412\" class=\"e-n-tab-title\" aria-selected=\"false\" data-tab-index=\"2\" role=\"tab\" tabindex=\"-1\" aria-controls=\"e-n-tab-content-2084848412\" style=\"--n-tabs-title-order: 2;\">\n\t\t\t\t\t\t<span class=\"e-n-tab-title-text\">\n\t\t\t\tThe estimate\t\t\t<\/span>\n\t\t<\/button>\n\t\t\t\t<button id=\"e-n-tab-title-2084848413\" data-tab-title-id=\"e-n-tab-title-2084848413\" class=\"e-n-tab-title\" aria-selected=\"false\" data-tab-index=\"3\" role=\"tab\" tabindex=\"-1\" aria-controls=\"e-n-tab-content-2084848413\" style=\"--n-tabs-title-order: 3;\">\n\t\t\t\t\t\t<span class=\"e-n-tab-title-text\">\n\t\t\t\tConstruction Day\t\t\t<\/span>\n\t\t<\/button>\n\t\t\t\t<button id=\"e-n-tab-title-2084848414\" data-tab-title-id=\"e-n-tab-title-2084848414\" class=\"e-n-tab-title\" aria-selected=\"false\" data-tab-index=\"4\" role=\"tab\" tabindex=\"-1\" aria-controls=\"e-n-tab-content-2084848414\" style=\"--n-tabs-title-order: 4;\">\n\t\t\t\t\t\t<span class=\"e-n-tab-title-text\">\n\t\t\t\tQuality assurance\t\t\t<\/span>\n\t\t<\/button>\n\t\t\t\t\t<\/div>\n\t\t\t<div class=\"e-n-tabs-content\">\n\t\t\t\t<div id=\"e-n-tab-content-2084848411\" role=\"tabpanel\" aria-labelledby=\"e-n-tab-title-2084848411\" data-tab-index=\"1\" style=\"--n-tabs-title-order: 1;\" class=\"e-active elementor-element elementor-element-ff37eec e-con-full e-flex magic-button-disabled-no wpr-particle-no wpr-jarallax-no wpr-parallax-no wpr-sticky-section-no wpr-equal-height-no e-con e-child\" data-id=\"ff37eec\" data-element_type=\"container\" data-e-type=\"container\">\n\t\t\t\t<div class=\"elementor-element elementor-element-ead6623 elementor-widget elementor-widget-heading\" data-id=\"ead6623\" data-element_type=\"widget\" data-e-type=\"widget\" data-widget_type=\"heading.default\">\n\t\t\t\t\t<p class=\"elementor-heading-title elementor-size-default\">On your first call, we'll take the time to gather some essential information so we can schedule an estimate at a time that's convenient for you. In particular, we'll ask you for the desired time and date, as well as the address of the work, your e-mail address and your full contact details. This information will enable us to ensure efficient handling of your request, rigorous follow-up of your file and clear communication throughout the process.<\/p>\t\t\t\t<\/div>\n\t\t\t\t<\/div>\n\t\t<div id=\"e-n-tab-content-2084848412\" role=\"tabpanel\" aria-labelledby=\"e-n-tab-title-2084848412\" data-tab-index=\"2\" style=\"--n-tabs-title-order: 2;\" class=\"elementor-element elementor-element-92d842b e-con-full e-flex magic-button-disabled-no wpr-particle-no wpr-jarallax-no wpr-parallax-no wpr-sticky-section-no wpr-equal-height-no e-con e-child\" data-id=\"92d842b\" data-element_type=\"container\" data-e-type=\"container\">\n\t\t\t\t<div class=\"elementor-element elementor-element-a35a4a6 elementor-widget elementor-widget-heading\" data-id=\"a35a4a6\" data-element_type=\"widget\" data-e-type=\"widget\" data-widget_type=\"heading.default\">\n\t\t\t\t\t<p class=\"elementor-heading-title elementor-size-default\">One of our estimators will visit you on site to take exact measurements and evaluate the scope of the work involved. He or she will show you the products and materials used, our work process, the time slots available and the various stages of the project, all tailored to your specific needs. Please note that a deposit of 10 % is required to confirm the work and add it to the schedule.<\/p>\t\t\t\t<\/div>\n\t\t\t\t<\/div>\n\t\t<div id=\"e-n-tab-content-2084848413\" role=\"tabpanel\" aria-labelledby=\"e-n-tab-title-2084848413\" data-tab-index=\"3\" style=\"--n-tabs-title-order: 3;\" class=\"elementor-element elementor-element-99095f2 e-con-full e-flex magic-button-disabled-no wpr-particle-no wpr-jarallax-no wpr-parallax-no wpr-sticky-section-no wpr-equal-height-no e-con e-child\" data-id=\"99095f2\" data-element_type=\"container\" data-e-type=\"container\">\n\t\t\t\t<div class=\"elementor-element elementor-element-922835f elementor-widget elementor-widget-heading\" data-id=\"922835f\" data-element_type=\"widget\" data-e-type=\"widget\" data-widget_type=\"heading.default\">\n\t\t\t\t\t<p class=\"elementor-heading-title elementor-size-default\">Confirmation by e-mail (or telephone) will be sent to you 24 to 48 hours before work is due to start. We will also ask you to provide parking spaces for mobilized units and vehicles. The reality of the urban environment often makes access to the site more complex. That's why we're asking for your cooperation in facilitating the arrival of our team, ensuring rapid installation and efficient workflows.<\/p>\t\t\t\t<\/div>\n\t\t\t\t<\/div>\n\t\t<div id=\"e-n-tab-content-2084848414\" role=\"tabpanel\" aria-labelledby=\"e-n-tab-title-2084848414\" data-tab-index=\"4\" style=\"--n-tabs-title-order: 4;\" class=\"elementor-element elementor-element-b2bed49 e-con-full e-flex magic-button-disabled-no wpr-particle-no wpr-jarallax-no wpr-parallax-no wpr-sticky-section-no wpr-equal-height-no e-con e-child\" data-id=\"b2bed49\" data-element_type=\"container\" data-e-type=\"container\">\n\t\t\t\t<div class=\"elementor-element elementor-element-03688d7 elementor-widget elementor-widget-heading\" data-id=\"03688d7\" data-element_type=\"widget\" data-e-type=\"widget\" data-widget_type=\"heading.default\">\n\t\t\t\t\t<p class=\"elementor-heading-title elementor-size-default\">Once the work has been completed, a member of our team will contact you to arrange a follow-up appointment. This meeting will enable us to verify that all the work has been carried out in accordance with the terms of the contract, and to ensure your complete satisfaction with the service rendered. Please note that no financing is available and that a maximum of 30 days is allowed for final payment.<\/p>\t\t\t\t<\/div>\n\t\t\t\t<\/div>\n\t\t\t\t\t<\/div>\n\t\t<\/div>\n\t\t\t\t\t\t<\/div>\n\t\t\t\t<\/div>\n\t\t\t\t\t<\/div>\n\t\t\t\t<\/div>\n\t\t<div class=\"elementor-element elementor-element-2b295d9 e-flex e-con-boxed magic-button-disabled-no wpr-particle-no wpr-jarallax-no wpr-parallax-no wpr-sticky-section-no wpr-equal-height-no e-con e-parent\" data-id=\"2b295d9\" data-element_type=\"container\" data-e-type=\"container\" data-settings=\"{&quot;background_background&quot;:&quot;classic&quot;}\">\n\t\t\t\t\t<div class=\"e-con-inner\">\n\t\t<div class=\"elementor-element elementor-element-fa217f9 e-con-full e-flex magic-button-disabled-no wpr-particle-no wpr-jarallax-no wpr-parallax-no wpr-sticky-section-no wpr-equal-height-no e-con e-child\" data-id=\"fa217f9\" data-element_type=\"container\" data-e-type=\"container\">\n\t\t\t\t<div class=\"elementor-element elementor-element-63c60b7 elementor-widget elementor-widget-html\" data-id=\"63c60b7\" data-element_type=\"widget\" data-e-type=\"widget\" data-widget_type=\"html.default\">\n\t\t\t\t\t<div id=\"aa72c6ff-99ed-4396-b927-733f8c1df37a-2410283\"><\/div><link rel=\"stylesheet\" href=\"https:\/\/d3ey4dbjkt2f6s.cloudfront.net\/assets\/external\/work_request_embed.css\" media=\"screen\" \/><script src=\"https:\/\/d3ey4dbjkt2f6s.cloudfront.net\/assets\/static_link\/work_request_embed_snippet.js\" clienthub_id=\"aa72c6ff-99ed-4396-b927-733f8c1df37a-2410283\" form_url=\"https:\/\/clienthub.getjobber.com\/client_hubs\/aa72c6ff-99ed-4396-b927-733f8c1df37a\/public\/work_request\/embedded_work_request_form?form_id=2410283\"><\/script>\t\t\t\t<\/div>\n\t\t\t\t<\/div>\n\t\t<div class=\"elementor-element elementor-element-2b114d7 e-con-full e-flex magic-button-disabled-no wpr-particle-no wpr-jarallax-no wpr-parallax-no wpr-sticky-section-no wpr-equal-height-no e-con e-child\" data-id=\"2b114d7\" data-element_type=\"container\" data-e-type=\"container\" data-settings=\"{&quot;background_background&quot;:&quot;classic&quot;}\">\n\t\t\t\t<div class=\"elementor-element elementor-element-32bfabf wpr-dual-heading-icon-top elementor-widget elementor-widget-wpr-dual-color-heading\" data-id=\"32bfabf\" data-element_type=\"widget\" data-e-type=\"widget\" data-widget_type=\"wpr-dual-color-heading.default\">\n\t\t\t\t\t\t\t\t<div class=\"wpr-dual-heading-wrap\">\n\t\t\t\t<div class=\"wpr-dual-title-wrap\">\n\t\t\t\t\t<h2 class=\"wpr-dual-title\">\n\t\t\t\t\t\t\t\t\t\t\t<span class=\"first\">Wrought iron<\/span>\n\t\t\t\t\t\t\t\t\t\t\n\t\t\t\t\t\t\t\t\t\t\t<span class=\"second\">+<\/span>\n\t\t\t\t\t\t\t\t\t\t<\/h2>\n\t\t\t\t<\/div>\n\t\t\t\t\n\t\t\t\t\n\t\t\t\t\n\t\t\t<\/div>\n\t\t\t\t\t\t<\/div>\n\t\t\t\t<div class=\"elementor-element elementor-element-151a4e7 elementor-widget elementor-widget-heading\" data-id=\"151a4e7\" data-element_type=\"widget\" data-e-type=\"widget\" data-widget_type=\"heading.default\">\n\t\t\t\t\t<h2 class=\"elementor-heading-title elementor-size-default\">The masonry experts <br>in urban environments<\/h2>\t\t\t\t<\/div>\n\t\t\t\t<\/div>\n\t\t\t\t\t<\/div>\n\t\t\t\t<\/div>\n\t\t\t\t<\/div>","protected":false},"excerpt":{"rendered":"<p>MONTR\u00c9AL, LAVAL, RIVE SUD, LAURENTIDES &amp; LANAUDI\u00c8RE Contactez-nous Formulaire 514-914-4624 Premier appel L&rsquo;estimation Journ\u00e9e des travaux Assurance qualit\u00e9 Lors de votre premier appel, nous prendrons le temps de recueillir certaines informations essentielles afin de planifier une estimation \u00e0 un moment qui vous convient. Nous vous demanderons notamment l\u2019heure et la date souhait\u00e9es, ainsi que l\u2019adresse des travaux, votre adresse courriel et vos coordonn\u00e9es compl\u00e8tes. Ces informations nous permettront d\u2019assurer une prise en charge efficace de votre demande, un suivi rigoureux de votre dossier et une communication claire tout au long du processus. Un de nos estimateurs se d\u00e9placera sur place afin de prendre les dimensions exactes et d\u2019\u00e9valuer pr\u00e9cis\u00e9ment l\u2019ampleur des travaux \u00e0 r\u00e9aliser. Il vous pr\u00e9sentera les produits et mat\u00e9riaux utilis\u00e9s, notre processus de travail, les plages horaires disponibles ainsi que les diff\u00e9rentes \u00e9tapes du projet, le tout adapt\u00e9 \u00e0 vos besoins sp\u00e9cifiques. \u00c0 noter qu\u2019un d\u00e9p\u00f4t de 10 % est requis lors de la confirmation des travaux et de leur inscription au calendrier des activit\u00e9s. Une confirmation par courriel (ou par t\u00e9l\u00e9phone) vous sera transmise 24 \u00e0 48 heures avant le d\u00e9but des travaux. Nous vous demanderons \u00e9galement de pr\u00e9voir des espaces de stationnement pour les unit\u00e9s et v\u00e9hicules mobilis\u00e9s. En effet, la r\u00e9alit\u00e9 du milieu urbain rend souvent l\u2019acc\u00e8s au site plus complexe. C\u2019est pourquoi nous sollicitons votre collaboration afin de faciliter l\u2019arriv\u00e9e de notre \u00e9quipe, d\u2019assurer une installation rapide et de permettre un d\u00e9roulement efficace des travaux. \u00c0 la suite de l\u2019ex\u00e9cution des travaux, un membre de notre \u00e9quipe communiquera avec vous afin de fixer un rendez-vous de suivi. Cette rencontre nous permettra de v\u00e9rifier que l\u2019ensemble des travaux a \u00e9t\u00e9 r\u00e9alis\u00e9 conform\u00e9ment aux termes du contrat et de nous assurer de votre enti\u00e8re satisfaction quant au service rendu. \u00c0 noter qu\u2019aucun financement n\u2019est offert et qu\u2019un d\u00e9lai maximal de 30 jours est accord\u00e9 pour la finalisation du paiement. Lors de votre premier appel, nous prendrons le temps de recueillir certaines informations essentielles afin de planifier une estimation \u00e0 un moment qui vous convient. Nous vous demanderons notamment l\u2019heure et la date souhait\u00e9es, ainsi que l\u2019adresse des travaux, votre adresse courriel et vos coordonn\u00e9es compl\u00e8tes. Ces informations nous permettront d\u2019assurer une prise en charge efficace de votre demande, un suivi rigoureux de votre dossier et une communication claire tout au long du processus. Un de nos estimateurs se d\u00e9placera sur place afin de prendre les dimensions exactes et d\u2019\u00e9valuer pr\u00e9cis\u00e9ment l\u2019ampleur des travaux \u00e0 r\u00e9aliser. Il vous pr\u00e9sentera les produits et mat\u00e9riaux utilis\u00e9s, notre processus de travail, les plages horaires disponibles ainsi que les diff\u00e9rentes \u00e9tapes du projet, le tout adapt\u00e9 \u00e0 vos besoins sp\u00e9cifiques. \u00c0 noter qu\u2019un d\u00e9p\u00f4t de 10 % est requis lors de la confirmation des travaux et de leur inscription au calendrier des activit\u00e9s. Une confirmation par courriel (ou par t\u00e9l\u00e9phone) vous sera transmise 24 \u00e0 48 heures avant le d\u00e9but des travaux. Nous vous demanderons \u00e9galement de pr\u00e9voir des espaces de stationnement pour les unit\u00e9s et v\u00e9hicules mobilis\u00e9s. En effet, la r\u00e9alit\u00e9 du milieu urbain rend souvent l\u2019acc\u00e8s au site plus complexe. C\u2019est pourquoi nous sollicitons votre collaboration afin de faciliter l\u2019arriv\u00e9e de notre \u00e9quipe, d\u2019assurer une installation rapide et de permettre un d\u00e9roulement efficace des travaux. \u00c0 la suite de l\u2019ex\u00e9cution des travaux, un membre de notre \u00e9quipe communiquera avec vous afin de fixer un rendez-vous de suivi. Cette rencontre nous permettra de v\u00e9rifier que l\u2019ensemble des travaux a \u00e9t\u00e9 r\u00e9alis\u00e9 conform\u00e9ment aux termes du contrat et de nous assurer de votre enti\u00e8re satisfaction quant au service rendu. \u00c0 noter qu\u2019aucun financement n\u2019est offert et qu\u2019un d\u00e9lai maximal de 30 jours est accord\u00e9 pour la finalisation du paiement. Fer forg\u00e9 + Les experts en ma\u00e7onnerie en environnement urbain<\/p>","protected":false},"author":1,"featured_media":0,"parent":0,"menu_order":0,"comment_status":"closed","ping_status":"closed","template":"elementor_canvas","meta":{"footnotes":""},"class_list":["post-1020","page","type-page","status-publish","hentry"],"_hostinger_reach_plugin_has_subscription_block":false,"_hostinger_reach_plugin_is_elementor":false,"acf":[],"_links":{"self":[{"href":"https:\/\/maconneriemtlplus.ca\/en\/wp-json\/wp\/v2\/pages\/1020","targetHints":{"allow":["GET"]}}],"collection":[{"href":"https:\/\/maconneriemtlplus.ca\/en\/wp-json\/wp\/v2\/pages"}],"about":[{"href":"https:\/\/maconneriemtlplus.ca\/en\/wp-json\/wp\/v2\/types\/page"}],"author":[{"embeddable":true,"href":"https:\/\/maconneriemtlplus.ca\/en\/wp-json\/wp\/v2\/users\/1"}],"replies":[{"embeddable":true,"href":"https:\/\/maconneriemtlplus.ca\/en\/wp-json\/wp\/v2\/comments?post=1020"}],"version-history":[{"count":118,"href":"https:\/\/maconneriemtlplus.ca\/en\/wp-json\/wp\/v2\/pages\/1020\/revisions"}],"predecessor-version":[{"id":1242,"href":"https:\/\/maconneriemtlplus.ca\/en\/wp-json\/wp\/v2\/pages\/1020\/revisions\/1242"}],"wp:attachment":[{"href":"https:\/\/maconneriemtlplus.ca\/en\/wp-json\/wp\/v2\/media?parent=1020"}],"curies":[{"name":"wp","href":"https:\/\/api.w.org\/{rel}","templated":true}]}}